{"id":17,"date":"2011-04-20T10:18:59","date_gmt":"2011-04-20T10:18:59","guid":{"rendered":"http:\/\/kanzlei.kuessner.org\/?page_id=17"},"modified":"2021-11-09T10:31:18","modified_gmt":"2021-11-09T10:31:18","slug":"kosten","status":"publish","type":"page","link":"https:\/\/kanzlei.kuessner.org\/?page_id=17","title":{"rendered":"Kosten"},"content":{"rendered":"<p>Allgemeine Geb\u00fchren:<\/p>\n<p>Die&nbsp;Anwaltsverg\u00fctung berechnet sich grunds\u00e4tzlich nach den Bestimmungen des Rechtsanwaltsverg\u00fctungsgesetzes (RVG) und richtet sich nach der H\u00f6he des Gegenstandswertes. Abweichend hiervon kann im Einzelfall eine Honorarvereinbarung getroffen werden, soweit dies gesetzlich (\u00a7 4 RVG) zul\u00e4ssig ist; diese bedarf der Schriftform.<\/p>\n<p>Beratungshilfeschein\/ Berechtigungsschein:<\/p>\n<p>Es gibt die M\u00f6glichkeit sich beim \u00f6rtlich zust\u00e4ndigen Amtgericht einen Berechtigungsschein ausstellen zu lassen. Hiermit soll erreicht werden, dass auch Menschen mit geringem Einkommen Zugang zur Rechtspflege und zur Rechtsberatung bekommen. N\u00e4here Ausk\u00fcnfte hierzu erhalten Sie bei mir in der Kanzlei und bei Ihrem zust\u00e4ndigen Amtsgericht.<\/p>\n<p>Prozesskostenhilfe:<\/p>\n<p>Auch dies ist eine M\u00f6glichkeit f\u00fcr Menschen mit geringem Einkommen, ihre Rechte zu verfolgen. Anders als der Berechtigungsschein wird die Prozesskostenhilfe erst&nbsp;f\u00fcr das&nbsp;gerichtliche Verfahren beantragt und ggf. bewilligt. Auch hier ber\u00e4t Sie Ihre Anw\u00e4ltin.<\/p>\n<p>Rechtsschutzversicherungen:<\/p>\n<p>Wenn Sie eine Rechtsschutzversicherung abgeschlossen haben, \u00fcbernimmt diese im Regelfall die Kosten der versicherten Streitf\u00e4lle. Ich werde f\u00fcr Sie eine Deckungsanfrage bei Ihrem Versicherer einholen und den Rechtsstreit \u00fcber die Versicherung abrechnen. Hierf\u00fcr entstehen f\u00fcr Sie in meiner Kanzlei keine weiteren Kosten.<\/p>\n","protected":false},"excerpt":{"rendered":"<p>Allgemeine Geb\u00fchren: Die&nbsp;Anwaltsverg\u00fctung berechnet sich grunds\u00e4tzlich nach den Bestimmungen des Rechtsanwaltsverg\u00fctungsgesetzes (RVG) und richtet sich nach der H\u00f6he des Gegenstandswertes. Abweichend hiervon kann im Einzelfall eine Honorarvereinbarung getroffen werden, soweit dies gesetzlich (\u00a7 4 RVG) zul\u00e4ssig ist; diese bedarf der &hellip; <a href=\"https:\/\/kanzlei.kuessner.org\/?page_id=17\">Weiterlesen <span class=\"meta-nav\">&rarr;<\/span><\/a><\/p>\n","protected":false},"author":1,"featured_media":0,"parent":0,"menu_order":2,"comment_status":"closed","ping_status":"open","template":"","meta":{"footnotes":""},"_links":{"self":[{"href":"https:\/\/kanzlei.kuessner.org\/index.php?rest_route=\/wp\/v2\/pages\/17"}],"collection":[{"href":"https:\/\/kanzlei.kuessner.org\/index.php?rest_route=\/wp\/v2\/pages"}],"about":[{"href":"https:\/\/kanzlei.kuessner.org\/index.php?rest_route=\/wp\/v2\/types\/page"}],"author":[{"embeddable":true,"href":"https:\/\/kanzlei.kuessner.org\/index.php?rest_route=\/wp\/v2\/users\/1"}],"replies":[{"embeddable":true,"href":"https:\/\/kanzlei.kuessner.org\/index.php?rest_route=%2Fwp%2Fv2%2Fcomments&post=17"}],"version-history":[{"count":8,"href":"https:\/\/kanzlei.kuessner.org\/index.php?rest_route=\/wp\/v2\/pages\/17\/revisions"}],"predecessor-version":[{"id":189,"href":"https:\/\/kanzlei.kuessner.org\/index.php?rest_route=\/wp\/v2\/pages\/17\/revisions\/189"}],"wp:attachment":[{"href":"https:\/\/kanzlei.kuessner.org\/index.php?rest_route=%2Fwp%2Fv2%2Fmedia&parent=17"}],"curies":[{"name":"wp","href":"https:\/\/api.w.org\/{rel}","templated":true}]}}