{"id":25,"date":"2011-04-20T11:37:48","date_gmt":"2011-04-20T11:37:48","guid":{"rendered":"http:\/\/kanzlei.kuessner.org\/?page_id=25"},"modified":"2021-11-09T10:30:55","modified_gmt":"2021-11-09T10:30:55","slug":"impressum","status":"publish","type":"page","link":"https:\/\/kanzlei.kuessner.org\/?page_id=25","title":{"rendered":"Impressum"},"content":{"rendered":"<p>Verantwortlich f\u00fcr diese Seite ist:<br \/>\nRechtsanw\u00e4ltin Irina K\u00fc\u00dfner<br \/>\nBaumschulenstr. 9-10<br \/>\n12437 Berlin<br \/>\nTel.: 030 55576222<br \/>\nFax: 030 53 00 00 61<\/p>\n<p style=\"text-align: left;\">Verm\u00f6gensschadenshaftpflichtversicherung bei der ERGO Versicherungsgruppe AG, Victoriaplatz 2, 40477 D\u00fcsseldorf<\/p>\n<p style=\"text-align: left;\">Steuernummer: 36\/404\/61144<\/p>\n<p style=\"text-align: left;\"><strong>Berufsbezeichnung<\/strong>\/ Titel und Staat der Zulassung<br \/>\nRechtsanw\u00e4ltin verliehen durch die Bundesrepublik Deutschland<br \/>\n<strong>Kammer und Aufsichtsbeh\u00f6rde:<\/strong><br \/>\nRechtsanwaltskammer Berlin, Littenstra\u00dfe 9, 10179 Berlin, www.rak-berlin.de<br \/>\n<strong>Berufsrechtliche Regelungen<\/strong><br \/>\n\u2022 Bundesrechtsanwaltsordnung (BRAO)<br \/>\n\u2022 Berufsordnung f\u00fcr Rechtsanw\u00e4lte (BORA)<br \/>\n\u2022 Fachanwaltsordnung (FAO)<br \/>\n\u2022 Rechtsanwaltsverg\u00fctungsgesetz (RVG)<br \/>\n\u2022 Berufsregeln der Rechtsanw\u00e4lte der Europ\u00e4ischen Gemeinschaft (CCBE)<br \/>\n\u2022 Gesetz \u00fcber die T\u00e4tigkeit europ\u00e4ischer Rechtsanw\u00e4lte in Deutschland (EuRAG)<br \/>\nAlle Gesetzestexte sind \u00fcber die Website der Bundesrechtsanwaltskammer www.brak.de unter \u201eInformationspflichten gem\u00e4\u00df \u00a7 5 TMG\u201c abrufbar.<br \/>\n<strong>Rechtliche Hinweise &#8211; Copyright<\/strong><br \/>\nSie d\u00fcrfen die hier angebotenen Informationen speichern und Verkn\u00fcpfungen zu diesen Seiten einrichten. Wenn Sie als gesch\u00e4ftsm\u00e4\u00dfiger Anbieter hierher verlinken, so muss unsere Seite der einzige Bestandteil des sich \u00f6ffnenden Fensters sein, d.h. sie darf sich insbesondere nicht in einem Frame \u00f6ffnen. Die Informationen d\u00fcrfen nicht ver\u00e4ndert oder verf\u00e4lscht werden.<br \/>\n<strong>Haftungsausschluss<\/strong><br \/>\nFalls Sie per E-Mail Verbindung zu uns aufnehmen, so beachten Sie bitte, dass diese Form der Nachrichten\u00fcbertragung aus technischen Gr\u00fcnden im Internet vergleichsweise unsicher ist. Verschl\u00fcsselungsprogramme werden wir nur nach entsprechender Vereinbarung einsetzen. Durch die \u00dcbersendung von E-Mails an uns best\u00e4tigen Sie, dass Sie diese Risiken und Einschr\u00e4nkungen kennen. Wir \u00fcbernehmen keine Haftung f\u00fcr Aktualit\u00e4t, Richtigkeit oder Vollst\u00e4ndigkeit der Informationen auf unseren Websites und behalten uns das Recht vor, das Angebot jederzeit zu ver\u00e4ndern oder einzustellen.<br \/>\nDie hier ver\u00f6ffentlichten Links haben wir sorgf\u00e4ltig ausgew\u00e4hlt, jedoch haben wir keinen Einfluss auf die Inhalte der verkn\u00fcpften Seiten. Wir sind daf\u00fcr nicht verantwortlich und machen uns diesen Inhalt auch nicht zu Eigen. Falls Sie Beanstandungen haben oder eine verkn\u00fcpfte Seite unter dem angegebenen Link nicht erreichen k\u00f6nnen, bitten wir um kurze Nachricht.<\/p>\n<p style=\"text-align: left;\">\n","protected":false},"excerpt":{"rendered":"<p>Verantwortlich f\u00fcr diese Seite ist: Rechtsanw\u00e4ltin Irina K\u00fc\u00dfner Baumschulenstr. 9-10 12437 Berlin Tel.: 030 55576222 Fax: 030 53 00 00 61 Verm\u00f6gensschadenshaftpflichtversicherung bei der ERGO Versicherungsgruppe AG, Victoriaplatz 2, 40477 D\u00fcsseldorf Steuernummer: 36\/404\/61144 Berufsbezeichnung\/ Titel und Staat der Zulassung Rechtsanw\u00e4ltin &hellip; <a href=\"https:\/\/kanzlei.kuessner.org\/?page_id=25\">Weiterlesen <span class=\"meta-nav\">&rarr;<\/span><\/a><\/p>\n","protected":false},"author":1,"featured_media":0,"parent":0,"menu_order":5,"comment_status":"closed","ping_status":"open","template":"","meta":{"footnotes":""},"_links":{"self":[{"href":"https:\/\/kanzlei.kuessner.org\/index.php?rest_route=\/wp\/v2\/pages\/25"}],"collection":[{"href":"https:\/\/kanzlei.kuessner.org\/index.php?rest_route=\/wp\/v2\/pages"}],"about":[{"href":"https:\/\/kanzlei.kuessner.org\/index.php?rest_route=\/wp\/v2\/types\/page"}],"author":[{"embeddable":true,"href":"https:\/\/kanzlei.kuessner.org\/index.php?rest_route=\/wp\/v2\/users\/1"}],"replies":[{"embeddable":true,"href":"https:\/\/kanzlei.kuessner.org\/index.php?rest_route=%2Fwp%2Fv2%2Fcomments&post=25"}],"version-history":[{"count":8,"href":"https:\/\/kanzlei.kuessner.org\/index.php?rest_route=\/wp\/v2\/pages\/25\/revisions"}],"predecessor-version":[{"id":137,"href":"https:\/\/kanzlei.kuessner.org\/index.php?rest_route=\/wp\/v2\/pages\/25\/revisions\/137"}],"wp:attachment":[{"href":"https:\/\/kanzlei.kuessner.org\/index.php?rest_route=%2Fwp%2Fv2%2Fmedia&parent=25"}],"curies":[{"name":"wp","href":"https:\/\/api.w.org\/{rel}","templated":true}]}}