{"id":5,"date":"2011-04-20T09:43:11","date_gmt":"2011-04-20T09:43:11","guid":{"rendered":"http:\/\/kanzlei.kuessner.org\/?page_id=5"},"modified":"2021-11-09T10:31:31","modified_gmt":"2021-11-09T10:31:31","slug":"rechtsgebiete","status":"publish","type":"page","link":"https:\/\/kanzlei.kuessner.org\/?page_id=5","title":{"rendered":"Rechtsgebiete"},"content":{"rendered":"<p style=\"text-align: justify;\">Neben einer umfassenden Beratung vertrete ich meine Mandanten sowohl au\u00dfergerichtlich als auch vor Gericht. Hierbei liegt mir das Interesse des Mandanten besonders am Herzen.<\/p>\n<p>Ich&nbsp;bearbeite&nbsp;vorwiegend folgende Rechtsgebiete:<\/p>\n<p style=\"text-align: justify;\"><strong>Arbeitsrecht f\u00fcr Arbeitnehmer und Arbeitgeber<\/strong>, insbesondere die&nbsp;Gestaltung von Arbeitsvertr\u00e4gen, die Durchsetzung von Anspr\u00fcchen, das K\u00fcndigungsrecht, Vermittlung und Gestaltung von Aufhebungsvertr\u00e4gen, Arbeitszeugnisse, Mutterschutz,&nbsp;Urlaub und das kollektive Arbeitsrecht mit seinen Bez\u00fcgen zum Betriebsverfassungsrecht.<\/p>\n<p style=\"text-align: justify;\"><strong>Reiserecht <\/strong>f\u00fcr Urlauber und Weltenbummler, hier geht es um muffige Hotels, versp\u00e4tete Fl\u00fcge, verlorenes Gep\u00e4ck, Kreuzfahrten oder Reisen, die gar nicht stattfinden oder nicht angetreten werden k\u00f6nnen.<\/p>\n<p style=\"text-align: justify;\"><strong>Zivilrecht:<\/strong> Gew\u00e4hrleistungsanspr\u00fcche bei M\u00e4ngeln der Kaufsache,&nbsp; Telekommunikationsvertr\u00e4ge u.a. Vertr\u00e4ge<\/p>\n","protected":false},"excerpt":{"rendered":"<p>Neben einer umfassenden Beratung vertrete ich meine Mandanten sowohl au\u00dfergerichtlich als auch vor Gericht. Hierbei liegt mir das Interesse des Mandanten besonders am Herzen. Ich&nbsp;bearbeite&nbsp;vorwiegend folgende Rechtsgebiete: Arbeitsrecht f\u00fcr Arbeitnehmer und Arbeitgeber, insbesondere die&nbsp;Gestaltung von Arbeitsvertr\u00e4gen, die Durchsetzung von Anspr\u00fcchen, &hellip; <a href=\"https:\/\/kanzlei.kuessner.org\/?page_id=5\">Weiterlesen <span class=\"meta-nav\">&rarr;<\/span><\/a><\/p>\n","protected":false},"author":1,"featured_media":0,"parent":0,"menu_order":0,"comment_status":"closed","ping_status":"open","template":"","meta":{"footnotes":""},"_links":{"self":[{"href":"https:\/\/kanzlei.kuessner.org\/index.php?rest_route=\/wp\/v2\/pages\/5"}],"collection":[{"href":"https:\/\/kanzlei.kuessner.org\/index.php?rest_route=\/wp\/v2\/pages"}],"about":[{"href":"https:\/\/kanzlei.kuessner.org\/index.php?rest_route=\/wp\/v2\/types\/page"}],"author":[{"embeddable":true,"href":"https:\/\/kanzlei.kuessner.org\/index.php?rest_route=\/wp\/v2\/users\/1"}],"replies":[{"embeddable":true,"href":"https:\/\/kanzlei.kuessner.org\/index.php?rest_route=%2Fwp%2Fv2%2Fcomments&post=5"}],"version-history":[{"count":14,"href":"https:\/\/kanzlei.kuessner.org\/index.php?rest_route=\/wp\/v2\/pages\/5\/revisions"}],"predecessor-version":[{"id":190,"href":"https:\/\/kanzlei.kuessner.org\/index.php?rest_route=\/wp\/v2\/pages\/5\/revisions\/190"}],"wp:attachment":[{"href":"https:\/\/kanzlei.kuessner.org\/index.php?rest_route=%2Fwp%2Fv2%2Fmedia&parent=5"}],"curies":[{"name":"wp","href":"https:\/\/api.w.org\/{rel}","templated":true}]}}